{"id":26044167,"date":"2025-05-06T12:56:24","date_gmt":"2025-05-06T12:56:24","guid":{"rendered":"https:\/\/kempentransport.nl\/zertifizierung\/"},"modified":"2025-12-08T14:05:56","modified_gmt":"2025-12-08T14:05:56","slug":"zertifizierung","status":"publish","type":"page","link":"https:\/\/kempentransport.nl\/de\/zertifizierung\/","title":{"rendered":"Zertifizierung"},"content":{"rendered":"<p>[et_pb_section fb_built=&#8220;1&#8243; custom_padding_last_edited=&#8220;on|phone&#8220; _builder_version=&#8220;4.25.2&#8243; _module_preset=&#8220;default&#8220; background_enable_color=&#8220;off&#8220; use_background_color_gradient=&#8220;on&#8220; background_color_gradient_direction=&#8220;90deg&#8220; background_color_gradient_stops=&#8220;#191c36 0%|rgba(255,255,255,0) 98%&#8220; background_image=&#8220;https:\/\/kempentransport.nl\/wp-content\/uploads\/2025\/02\/Kempen-home-def-12.webp&#8220; background_position=&#8220;center_left&#8220; background_blend=&#8220;multiply&#8220; background_enable_video_mp4=&#8220;off&#8220; z_index=&#8220;999&#8243; custom_padding=&#8220;45vh||10vh||false|false&#8220; custom_padding_tablet=&#8220;10vh||10vh||true|false&#8220; custom_padding_phone=&#8220;10vh||10vh||true|false&#8220; border_color_bottom=&#8220;#e21e18&#8243; locked=&#8220;off&#8220; global_colors_info=&#8220;{}&#8220;][et_pb_row use_custom_gutter=&#8220;on&#8220; gutter_width=&#8220;2&#8243; make_equal=&#8220;on&#8220; custom_padding_last_edited=&#8220;on|phone&#8220; _builder_version=&#8220;4.25.2&#8243; _module_preset=&#8220;default&#8220; z_index=&#8220;2&#8243; max_width=&#8220;1440px&#8220; custom_padding=&#8220;0px||0px||true|&#8220; custom_padding_tablet=&#8220;&#8220; custom_padding_phone=&#8220;30px||||false|false&#8220; animation_direction=&#8220;top&#8220; global_colors_info=&#8220;{}&#8220;][et_pb_column type=&#8220;4_4&#8243; _builder_version=&#8220;4.16&#8243; _module_preset=&#8220;default&#8220; global_colors_info=&#8220;{}&#8220;][et_pb_text _builder_version=&#8220;4.25.2&#8243; _module_preset=&#8220;default&#8220; text_font=&#8220;Inter|800|||||||&#8220; text_text_color=&#8220;#FFFFFF&#8220; text_font_size=&#8220;55px&#8220; text_line_height=&#8220;1.2em&#8220; global_colors_info=&#8220;{}&#8220;]<\/p>\n<p>Zertifizierung<\/p>\n<p>[\/et_pb_text][et_pb_image src=&#8220;https:\/\/kempentransport.nl\/wp-content\/uploads\/2024\/06\/Kempen-logo-web.png&#8220; title_text=&#8220;Kempen logo web&#8220; _builder_version=&#8220;4.25.2&#8243; _module_preset=&#8220;default&#8220; width=&#8220;13%&#8220; max_width=&#8220;13%&#8220; global_colors_info=&#8220;{}&#8220;][\/et_pb_image][\/et_pb_column][\/et_pb_row][\/et_pb_section][et_pb_section fb_built=&#8220;1&#8243; disabled_on=&#8220;off|off|off&#8220; _builder_version=&#8220;4.25.2&#8243; _module_preset=&#8220;default&#8220; min_height=&#8220;412.1px&#8220; custom_padding=&#8220;60px||60px||true|false&#8220; global_colors_info=&#8220;{}&#8220;][et_pb_row column_structure=&#8220;1_2,1_2&#8243; use_custom_gutter=&#8220;on&#8220; gutter_width=&#8220;2&#8243; make_equal=&#8220;on&#8220; _builder_version=&#8220;4.25.2&#8243; _module_preset=&#8220;default&#8220; max_width=&#8220;1440px&#8220; global_colors_info=&#8220;{}&#8220;][et_pb_column type=&#8220;1_2&#8243; _builder_version=&#8220;4.25.2&#8243; _module_preset=&#8220;default&#8220; global_colors_info=&#8220;{}&#8220;][et_pb_text _builder_version=&#8220;4.25.2&#8243; _module_preset=&#8220;default&#8220; header_font=&#8220;Inter|800|||||||&#8220; header_text_color=&#8220;#191C36&#8243; header_font_size=&#8220;45px&#8220; custom_margin=&#8220;||30px||false|false&#8220; locked=&#8220;off&#8220; global_colors_info=&#8220;{}&#8220;]<\/p>\n<h1>Zertifizierung<\/h1>\n<p>[\/et_pb_text][\/et_pb_column][et_pb_column type=&#8220;1_2&#8243; _builder_version=&#8220;4.25.2&#8243; _module_preset=&#8220;default&#8220; global_colors_info=&#8220;{}&#8220;][et_pb_text _builder_version=&#8220;4.25.2&#8243; _module_preset=&#8220;default&#8220; text_font=&#8220;DM Sans||||||||&#8220; text_font_size=&#8220;16px&#8220; global_colors_info=&#8220;{}&#8220;]<\/p>\n<p>Kempen Transport erf\u00fcllt die strengen Anforderungen des IFS-Zertifikats. Laden Sie unten die neueste Version des Zertifikats herunter. <\/p>\n<p>[\/et_pb_text][et_pb_button button_url=&#8220;https:\/\/kempentransport.nl\/wp-content\/uploads\/2025\/12\/IFS-certificaat-2025-Engels.pdf&#8220; button_text=&#8220;IFS-Zertifikat&#8220; _builder_version=&#8220;4.25.2&#8243; _module_preset=&#8220;default&#8220; custom_button=&#8220;on&#8220; button_text_size=&#8220;16px&#8220; button_text_color=&#8220;#E31119&#8243; button_border_radius=&#8220;10px&#8220; button_font=&#8220;Inter|800|||||||&#8220; custom_margin=&#8220;29px|||||&#8220; custom_padding=&#8220;10px||10px||true|false&#8220; hover_enabled=&#8220;0&#8243; locked=&#8220;off&#8220; global_colors_info=&#8220;{}&#8220; button_text_color__hover=&#8220;#FFFFFF&#8220; button_text_color__hover_enabled=&#8220;on|hover&#8220; button_bg_color__hover=&#8220;#E31119&#8243; button_bg_color__hover_enabled=&#8220;on|hover&#8220; sticky_enabled=&#8220;0&#8243;][\/et_pb_button][\/et_pb_column][\/et_pb_row][\/et_pb_section][et_pb_section fb_built=&#8220;1&#8243; custom_padding_last_edited=&#8220;on|tablet&#8220; _builder_version=&#8220;4.25.2&#8243; _module_preset=&#8220;default&#8220; background_color=&#8220;#e5e5e5&#8243; custom_margin=&#8220;0px||0px||false|false&#8220; custom_padding=&#8220;75px||75px||true|false&#8220; custom_padding_tablet=&#8220;120px||0px||false|false&#8220; custom_padding_phone=&#8220;90px||||false|false&#8220; locked=&#8220;off&#8220; global_colors_info=&#8220;{}&#8220;][et_pb_row column_structure=&#8220;1_2,1_2&#8243; use_custom_gutter=&#8220;on&#8220; gutter_width=&#8220;2&#8243; make_equal=&#8220;on&#8220; admin_label=&#8220;Beverly Inhalt &#8211; Anmut &#8211; Reihe&#8220; _builder_version=&#8220;4.25.2&#8243; _module_preset=&#8220;default&#8220; width_tablet=&#8220;100%&#8220; width_phone=&#8220;90%&#8220; width_last_edited=&#8220;on|phone&#8220; max_width=&#8220;1440px&#8220; max_width_tablet=&#8220;1440px&#8220; max_width_phone=&#8220;90%&#8220; max_width_last_edited=&#8220;on|phone&#8220; global_colors_info=&#8220;{}&#8220;][et_pb_column type=&#8220;1_2&#8243; _builder_version=&#8220;4.17.6&#8243; _module_preset=&#8220;default&#8220; global_colors_info=&#8220;{}&#8220; custom_css_main_element_last_edited=&#8220;on|tablet&#8220; custom_css_main_element_tablet=&#8220;margin-bottom: 15px&#8220; custom_css_main_element_phone=&#8220;margin-bottom: 15px&#8220;][et_pb_text admin_label=&#8220;Beverly Content &#8211; Grace &#8211; Text &#8211; %22In order to succeed, we must first believe that we can.%22&#8243; _builder_version=&#8220;4.25.2&#8243; _module_preset=&#8220;default&#8220; text_font=&#8220;Inter|800|||||||&#8220; text_text_color=&#8220;#191C36&#8243; text_font_size=&#8220;45px&#8220; text_line_height=&#8220;1em&#8220; max_width=&#8220;550px&#8220; text_font_size_tablet=&#8220;30px&#8220; text_font_size_phone=&#8220;30px&#8220; text_font_size_last_edited=&#8220;on|tablet&#8220; global_colors_info=&#8220;{}&#8220;]<\/p>\n<p>Die St\u00e4rke von Kempen<\/p>\n<p>[\/et_pb_text][\/et_pb_column][et_pb_column type=&#8220;1_2&#8243; _builder_version=&#8220;4.17.6&#8243; _module_preset=&#8220;default&#8220; custom_padding=&#8220;5px||||false|false&#8220; global_colors_info=&#8220;{}&#8220;][\/et_pb_column][\/et_pb_row][et_pb_row column_structure=&#8220;1_4,1_4,1_4,1_4&#8243; use_custom_gutter=&#8220;on&#8220; gutter_width=&#8220;2&#8243; make_equal=&#8220;on&#8220; admin_label=&#8220;Beverly Inhalt &#8211; Anmut &#8211; Reihe&#8220; _builder_version=&#8220;4.25.2&#8243; _module_preset=&#8220;default&#8220; width_tablet=&#8220;100%&#8220; width_phone=&#8220;90%&#8220; width_last_edited=&#8220;on|phone&#8220; max_width=&#8220;1440px&#8220; max_width_tablet=&#8220;1440px&#8220; max_width_phone=&#8220;90%&#8220; max_width_last_edited=&#8220;on|phone&#8220; locked=&#8220;off&#8220; global_colors_info=&#8220;{}&#8220;][et_pb_column type=&#8220;1_4&#8243; _builder_version=&#8220;4.17.6&#8243; _module_preset=&#8220;default&#8220; global_colors_info=&#8220;{}&#8220; custom_css_main_element_last_edited=&#8220;on|tablet&#8220; custom_css_main_element_tablet=&#8220;width: 32% !important;||margin-right: 2% !important;||margin-bottom: 0;&#8220; custom_css_main_element_phone=&#8220;    width: 100%!important;||    margin-right: 0!important;||    margin-bottom: 30px;&#8220;][et_pb_text admin_label=&#8220;Beverly Content &#8211; Grace &#8211; Text &#8211; 04&#8243; _builder_version=&#8220;4.25.2&#8243; _module_preset=&#8220;default&#8220; text_font=&#8220;Inter|800|||||||&#8220; text_text_color=&#8220;#191C36&#8243; text_font_size=&#8220;50px&#8220; text_line_height=&#8220;100%&#8220; positioning=&#8220;absolute&#8220; horizontal_offset=&#8220;-27px&#8220; horizontal_offset_tablet=&#8220;-3px&#8220; horizontal_offset_phone=&#8220;-3px&#8220; horizontal_offset_last_edited=&#8220;on|tablet&#8220; width=&#8220;100%&#8220; custom_margin=&#8220;||0px||false|false&#8220; text_font_size_tablet=&#8220;50px&#8220; text_font_size_phone=&#8220;50px&#8220; text_font_size_last_edited=&#8220;on|tablet&#8220; custom_css_main_element=&#8220;    writing-mode: vertical-lr;||    transform: rotate(180deg);||    width: auto;&#8220; global_colors_info=&#8220;{}&#8220;]<\/p>\n<p>01.<\/p>\n<p>[\/et_pb_text][et_pb_cta admin_label=&#8220;Beverly Content &#8211; Gnade &#8211; Aufruf zum Handeln &#8211; Sparen &#038; Investitionen&#8220; _builder_version=&#8220;4.25.2&#8243; _module_preset=&#8220;default&#8220; header_font=&#8220;Inter|800|||||||&#8220; header_text_color=&#8220;#191C36&#8243; header_font_size=&#8220;22px&#8220; header_line_height=&#8220;120%&#8220; body_font=&#8220;DM Sans||||||||&#8220; body_text_color=&#8220;#191C36&#8243; body_font_size=&#8220;15px&#8220; body_line_height=&#8220;174%&#8220; use_background_color=&#8220;off&#8220; text_orientation=&#8220;left&#8220; custom_padding=&#8220;|||67px|false|false&#8220; custom_padding_tablet=&#8220;|||40px|false|false&#8220; custom_padding_phone=&#8220;|||40px|false|false&#8220; custom_padding_last_edited=&#8220;on|tablet&#8220; header_font_size_tablet=&#8220;22px&#8220; header_font_size_phone=&#8220;22px&#8220; header_font_size_last_edited=&#8220;on|tablet&#8220; global_colors_info=&#8220;{}&#8220;]<\/p>\n<h2>Expertise seit 1928<\/h2>\n<p>Als Familienunternehmen mit fast 100 Jahren Erfahrung verbinden wir Fachwissen und Engagement mit einer pers\u00f6nlichen Herangehensweise. Bei uns gilt: Ein Wort ist ein Wort. <\/p>\n<p>[\/et_pb_cta][\/et_pb_column][et_pb_column type=&#8220;1_4&#8243; _builder_version=&#8220;4.17.6&#8243; _module_preset=&#8220;default&#8220; global_colors_info=&#8220;{}&#8220; custom_css_main_element_last_edited=&#8220;on|tablet&#8220; custom_css_main_element_tablet=&#8220;width: 32% !important;||margin-right: 2% !important;||margin-bottom: 0;&#8220; custom_css_main_element_phone=&#8220;    width: 100%!important;||    margin-right: 0!important;||    margin-bottom: 30px;&#8220;][et_pb_text admin_label=&#8220;Beverly Content &#8211; Grace &#8211; Text &#8211; 05&#8243; _builder_version=&#8220;4.25.2&#8243; _module_preset=&#8220;default&#8220; text_font=&#8220;Inter|800|||||||&#8220; text_text_color=&#8220;#191C36&#8243; text_font_size=&#8220;50px&#8220; text_line_height=&#8220;100%&#8220; positioning=&#8220;absolute&#8220; horizontal_offset=&#8220;-27px&#8220; horizontal_offset_tablet=&#8220;-3px&#8220; horizontal_offset_phone=&#8220;-3px&#8220; horizontal_offset_last_edited=&#8220;on|tablet&#8220; width=&#8220;100%&#8220; custom_margin=&#8220;||0px||false|false&#8220; text_font_size_tablet=&#8220;50px&#8220; text_font_size_phone=&#8220;50px&#8220; text_font_size_last_edited=&#8220;on|tablet&#8220; custom_css_main_element=&#8220;    writing-mode: vertical-lr;||    transform: rotate(180deg);||    width: auto;&#8220; locked=&#8220;off&#8220; global_colors_info=&#8220;{}&#8220;]<\/p>\n<p>02.<\/p>\n<p>[\/et_pb_text][et_pb_cta button_text=&#8220;Klicken Sie hier&#8220; admin_label=&#8220;Beverly Content &#8211; Anmut &#8211; Call To Action &#8211; Unternehmensberatung&#8220; _builder_version=&#8220;4.25.2&#8243; _module_preset=&#8220;default&#8220; header_font=&#8220;Inter|800|||||||&#8220; header_text_color=&#8220;#191C36&#8243; header_font_size=&#8220;22px&#8220; header_line_height=&#8220;120%&#8220; body_font=&#8220;DM Sans||||||||&#8220; body_text_color=&#8220;#191C36&#8243; body_font_size=&#8220;15px&#8220; body_line_height=&#8220;174%&#8220; use_background_color=&#8220;off&#8220; text_orientation=&#8220;left&#8220; custom_padding=&#8220;|||67px|false|false&#8220; custom_padding_tablet=&#8220;|||40px|false|false&#8220; custom_padding_phone=&#8220;|||40px|false|false&#8220; custom_padding_last_edited=&#8220;on|tablet&#8220; header_font_size_tablet=&#8220;22px&#8220; header_font_size_phone=&#8220;22px&#8220; header_font_size_last_edited=&#8220;on|tablet&#8220; locked=&#8220;off&#8220; global_colors_info=&#8220;{}&#8220;]<\/p>\n<h2>Immer eine ma\u00dfgeschneiderte L\u00f6sung<\/h2>\n<p>Bei Kempen denken wir \u00fcber Standardl\u00f6sungen hinaus. Mit kurzen Kommunikationswegen und schnellen Verbindungen bieten wir Logistikl\u00f6sungen, die sich nahtlos an Ihre spezifischen Bed\u00fcrfnisse anpassen, egal wie gro\u00df oder klein die Herausforderung ist. <\/p>\n<p>[\/et_pb_cta][\/et_pb_column][et_pb_column type=&#8220;1_4&#8243; _builder_version=&#8220;4.17.6&#8243; _module_preset=&#8220;default&#8220; global_colors_info=&#8220;{}&#8220; custom_css_main_element_last_edited=&#8220;on|tablet&#8220; custom_css_main_element_tablet=&#8220;width: 32% !important;||margin-right: 0 !important;||margin-bottom: 0;&#8220; custom_css_main_element_phone=&#8220;    width: 100%!important;||    margin-right: 0!important;||    margin-bottom: 30px;&#8220;][et_pb_text admin_label=&#8220;Beverly Content &#8211; Grace &#8211; Text &#8211; 06&#8243; _builder_version=&#8220;4.25.2&#8243; _module_preset=&#8220;default&#8220; text_font=&#8220;Inter|800|||||||&#8220; text_text_color=&#8220;#191C36&#8243; text_font_size=&#8220;50px&#8220; text_line_height=&#8220;100%&#8220; positioning=&#8220;absolute&#8220; horizontal_offset=&#8220;-27px&#8220; horizontal_offset_tablet=&#8220;-3px&#8220; horizontal_offset_phone=&#8220;-3px&#8220; horizontal_offset_last_edited=&#8220;on|tablet&#8220; width=&#8220;100%&#8220; custom_margin=&#8220;||0px||false|false&#8220; text_font_size_tablet=&#8220;50px&#8220; text_font_size_phone=&#8220;50px&#8220; text_font_size_last_edited=&#8220;on|tablet&#8220; custom_css_main_element=&#8220;    writing-mode: vertical-lr;||    transform: rotate(180deg);||    width: auto;&#8220; locked=&#8220;off&#8220; global_colors_info=&#8220;{}&#8220; custom_css_main_element_last_edited=&#8220;off|desktop&#8220; custom_css_main_element_tablet=&#8220;    writing-mode: vertical-lr;||    transform: rotate(180deg);||    width: auto;&#8220;]<\/p>\n<p>03.<\/p>\n<p>[\/et_pb_text][et_pb_cta admin_label=&#8220;Beverly Content &#8211; Anmut &#8211; Aufruf zum Handeln &#8211; Online-Beratung&#8220; _builder_version=&#8220;4.25.2&#8243; _module_preset=&#8220;default&#8220; header_font=&#8220;Inter|800|||||||&#8220; header_text_color=&#8220;#191C36&#8243; header_font_size=&#8220;22px&#8220; header_line_height=&#8220;120%&#8220; body_font=&#8220;DM Sans||||||||&#8220; body_text_color=&#8220;#191C36&#8243; body_font_size=&#8220;15px&#8220; body_line_height=&#8220;174%&#8220; use_background_color=&#8220;off&#8220; text_orientation=&#8220;left&#8220; custom_padding=&#8220;|||67px|false|false&#8220; custom_padding_tablet=&#8220;|||40px|false|false&#8220; custom_padding_phone=&#8220;|||40px|false|false&#8220; custom_padding_last_edited=&#8220;on|tablet&#8220; header_font_size_tablet=&#8220;22px&#8220; header_font_size_phone=&#8220;22px&#8220; header_font_size_last_edited=&#8220;on|tablet&#8220; locked=&#8220;off&#8220; global_colors_info=&#8220;{}&#8220;]<\/p>\n<h2>Innovation f\u00fcr<br \/>h\u00f6chste Qualit\u00e4t<\/h2>\n<p>Von modernen K\u00fchlanh\u00e4ngern bis hin zu intelligenten Planungssystemen. Wir nutzen Technologie, um h\u00f6chste Qualit\u00e4t, Effizienz und Frische zu garantieren. So kommen Ihre Produkte immer schnell und in optimalem Zustand an.  <\/p>\n<p>[\/et_pb_cta][\/et_pb_column][et_pb_column type=&#8220;1_4&#8243; _builder_version=&#8220;4.17.6&#8243; _module_preset=&#8220;default&#8220; global_colors_info=&#8220;{}&#8220; custom_css_main_element_last_edited=&#8220;on|tablet&#8220; custom_css_main_element_tablet=&#8220;width: 32% !important;||margin-right: 0 !important;||margin-bottom: 0;&#8220; custom_css_main_element_phone=&#8220;    width: 100%!important;||    margin-right: 0!important;||    margin-bottom: 30px;&#8220;][et_pb_text admin_label=&#8220;Beverly Content &#8211; Grace &#8211; Text &#8211; 06&#8243; _builder_version=&#8220;4.25.2&#8243; _module_preset=&#8220;default&#8220; text_font=&#8220;Inter|800|||||||&#8220; text_text_color=&#8220;#191C36&#8243; text_font_size=&#8220;50px&#8220; text_line_height=&#8220;100%&#8220; positioning=&#8220;absolute&#8220; horizontal_offset=&#8220;-27px&#8220; horizontal_offset_tablet=&#8220;-3px&#8220; horizontal_offset_phone=&#8220;-3px&#8220; horizontal_offset_last_edited=&#8220;on|tablet&#8220; width=&#8220;100%&#8220; custom_margin=&#8220;||0px||false|false&#8220; text_font_size_tablet=&#8220;50px&#8220; text_font_size_phone=&#8220;50px&#8220; text_font_size_last_edited=&#8220;on|tablet&#8220; custom_css_main_element=&#8220;    writing-mode: vertical-lr;||    transform: rotate(180deg);||    width: auto;&#8220; locked=&#8220;off&#8220; global_colors_info=&#8220;{}&#8220; custom_css_main_element_last_edited=&#8220;off|desktop&#8220; custom_css_main_element_tablet=&#8220;    writing-mode: vertical-lr;||    transform: rotate(180deg);||    width: auto;&#8220;]<\/p>\n<p>04.<\/p>\n<p>[\/et_pb_text][et_pb_cta admin_label=&#8220;Beverly Content &#8211; Anmut &#8211; Aufruf zum Handeln &#8211; Online-Beratung&#8220; _builder_version=&#8220;4.25.2&#8243; _module_preset=&#8220;default&#8220; header_font=&#8220;Inter|800|||||||&#8220; header_text_color=&#8220;#191C36&#8243; header_font_size=&#8220;22px&#8220; header_line_height=&#8220;120%&#8220; body_font=&#8220;DM Sans||||||||&#8220; body_text_color=&#8220;#191C36&#8243; body_font_size=&#8220;15px&#8220; body_line_height=&#8220;174%&#8220; use_background_color=&#8220;off&#8220; text_orientation=&#8220;left&#8220; custom_padding=&#8220;|||67px|false|false&#8220; custom_padding_tablet=&#8220;|||40px|false|false&#8220; custom_padding_phone=&#8220;|||40px|false|false&#8220; custom_padding_last_edited=&#8220;on|tablet&#8220; header_font_size_tablet=&#8220;22px&#8220; header_font_size_phone=&#8220;22px&#8220; header_font_size_last_edited=&#8220;on|tablet&#8220; locked=&#8220;off&#8220; global_colors_info=&#8220;{}&#8220;]<\/p>\n<h2>Intelligente Logistik mit<br \/>Fokus auf Nachhaltigkeit<\/h2>\n<p>Durch intelligente R\u00fcckfrachten, minimale Leerfahrten und unseren Fokus auf Nachhaltigkeit gestalten wir eine verantwortungsvolle Logistik. Effizient f\u00fcr Ihr Unternehmen \u2013 nachhaltig f\u00fcr die Umwelt. <\/p>\n<p>[\/et_pb_cta][\/et_pb_column][\/et_pb_row][\/et_pb_section]<\/p>\n","protected":false},"excerpt":{"rendered":"<p>ZertifizierungZertifizierungKempen Transport erf\u00fcllt die strengen Anforderungen des IFS-Zertifikats. Laden Sie unten die neueste Version des Zertifikats herunter. Die St\u00e4rke von Kempen01.Expertise seit 1928 Als Familienunternehmen mit fast 100 Jahren Erfahrung verbinden wir Fachwissen und Engagement mit einer pers\u00f6nlichen Herangehensweise. Bei uns gilt: Ein Wort ist ein Wort. 02.Immer eine ma\u00dfgeschneiderte L\u00f6sung Bei Kempen denken wir [&hellip;]<\/p>\n","protected":false},"author":1,"featured_media":0,"parent":0,"menu_order":7,"comment_status":"closed","ping_status":"closed","template":"","meta":{"_et_pb_use_builder":"on","_et_pb_old_content":"","_et_gb_content_width":"","inline_featured_image":false,"footnotes":""},"dipi_cpt_category":[],"_links":{"self":[{"href":"https:\/\/kempentransport.nl\/de\/wp-json\/wp\/v2\/pages\/26044167"}],"collection":[{"href":"https:\/\/kempentransport.nl\/de\/wp-json\/wp\/v2\/pages"}],"about":[{"href":"https:\/\/kempentransport.nl\/de\/wp-json\/wp\/v2\/types\/page"}],"author":[{"embeddable":true,"href":"https:\/\/kempentransport.nl\/de\/wp-json\/wp\/v2\/users\/1"}],"replies":[{"embeddable":true,"href":"https:\/\/kempentransport.nl\/de\/wp-json\/wp\/v2\/comments?post=26044167"}],"version-history":[{"count":8,"href":"https:\/\/kempentransport.nl\/de\/wp-json\/wp\/v2\/pages\/26044167\/revisions"}],"predecessor-version":[{"id":27004888,"href":"https:\/\/kempentransport.nl\/de\/wp-json\/wp\/v2\/pages\/26044167\/revisions\/27004888"}],"wp:attachment":[{"href":"https:\/\/kempentransport.nl\/de\/wp-json\/wp\/v2\/media?parent=26044167"}],"wp:term":[{"taxonomy":"dipi_cpt_category","embeddable":true,"href":"https:\/\/kempentransport.nl\/de\/wp-json\/wp\/v2\/dipi_cpt_category?post=26044167"}],"curies":[{"name":"wp","href":"https:\/\/api.w.org\/{rel}","templated":true}]}}