{"id":26043675,"date":"2025-01-09T11:35:12","date_gmt":"2025-01-09T11:35:12","guid":{"rendered":"https:\/\/kempentransport.nl\/kontakt\/"},"modified":"2025-05-12T08:20:46","modified_gmt":"2025-05-12T08:20:46","slug":"kontakt","status":"publish","type":"page","link":"https:\/\/kempentransport.nl\/de\/kontakt\/","title":{"rendered":"Kontakt"},"content":{"rendered":"<p>[et_pb_section fb_built=&#8220;1&#8243; custom_padding_last_edited=&#8220;on|phone&#8220; _builder_version=&#8220;4.25.2&#8243; _module_preset=&#8220;default&#8220; background_enable_color=&#8220;off&#8220; use_background_color_gradient=&#8220;on&#8220; background_color_gradient_direction=&#8220;90deg&#8220; background_color_gradient_stops=&#8220;#191c36 0%|rgba(41,196,169,0) 100%&#8220; background_image=&#8220;https:\/\/kempentransport.nl\/wp-content\/uploads\/2025\/01\/Kempen-contact.webp&#8220; background_position=&#8220;center_left&#8220; background_blend=&#8220;multiply&#8220; background_enable_video_mp4=&#8220;off&#8220; z_index=&#8220;999&#8243; custom_padding=&#8220;45vh||10vh||false|false&#8220; custom_padding_tablet=&#8220;10vh||10vh||true|false&#8220; custom_padding_phone=&#8220;10vh||10vh||true|false&#8220; border_color_bottom=&#8220;#e21e18&#8243; locked=&#8220;off&#8220; global_colors_info=&#8220;{}&#8220;][et_pb_row custom_padding_last_edited=&#8220;on|phone&#8220; _builder_version=&#8220;4.25.2&#8243; _module_preset=&#8220;default&#8220; z_index=&#8220;2&#8243; max_width=&#8220;1440px&#8220; custom_padding=&#8220;0px||0px||true|&#8220; custom_padding_tablet=&#8220;&#8220; custom_padding_phone=&#8220;30px||||false|false&#8220; animation_direction=&#8220;top&#8220; global_colors_info=&#8220;{}&#8220; use_custom_gutter=&#8220;on&#8220; gutter_width=&#8220;2&#8243; make_equal=&#8220;on&#8220;][et_pb_column type=&#8220;4_4&#8243; _builder_version=&#8220;4.16&#8243; _module_preset=&#8220;default&#8220; global_colors_info=&#8220;{}&#8220;][et_pb_text _builder_version=&#8220;4.25.2&#8243; _module_preset=&#8220;default&#8220; text_font=&#8220;Inter|800|||||||&#8220; text_text_color=&#8220;#FFFFFF&#8220; text_font_size=&#8220;55px&#8220; text_line_height=&#8220;1.2em&#8220; global_colors_info=&#8220;{}&#8220;]<\/p>\n<p>Wie k\u00f6nnen wir Ihnen helfen?<\/p>\n<p>[\/et_pb_text][et_pb_image src=&#8220;https:\/\/kempentransport.nl\/wp-content\/uploads\/2024\/06\/Kempen-logo-web.png&#8220; title_text=&#8220;Kempen logo web&#8220; _builder_version=&#8220;4.25.2&#8243; _module_preset=&#8220;default&#8220; width=&#8220;13%&#8220; max_width=&#8220;13%&#8220; global_colors_info=&#8220;{}&#8220;][\/et_pb_image][\/et_pb_column][\/et_pb_row][\/et_pb_section][et_pb_section fb_built=&#8220;1&#8243; disabled_on=&#8220;off|off|off&#8220; _builder_version=&#8220;4.25.2&#8243; _module_preset=&#8220;default&#8220; min_height=&#8220;412.1px&#8220; custom_padding=&#8220;60px||60px||true|false&#8220; global_colors_info=&#8220;{}&#8220;][et_pb_row column_structure=&#8220;1_2,1_2&#8243; use_custom_gutter=&#8220;on&#8220; gutter_width=&#8220;2&#8243; make_equal=&#8220;on&#8220; _builder_version=&#8220;4.25.2&#8243; _module_preset=&#8220;default&#8220; max_width=&#8220;1440px&#8220; global_colors_info=&#8220;{}&#8220;][et_pb_column type=&#8220;1_2&#8243; _builder_version=&#8220;4.25.2&#8243; _module_preset=&#8220;default&#8220; global_colors_info=&#8220;{}&#8220;][et_pb_text _builder_version=&#8220;4.25.2&#8243; _module_preset=&#8220;default&#8220; header_font=&#8220;Inter|800|||||||&#8220; header_font_size=&#8220;45px&#8220; locked=&#8220;off&#8220; global_colors_info=&#8220;{}&#8220;]<\/p>\n<h1>Gemeinsam auf dem Weg<\/h1>\n<p>[\/et_pb_text][\/et_pb_column][et_pb_column type=&#8220;1_2&#8243; _builder_version=&#8220;4.25.2&#8243; _module_preset=&#8220;default&#8220; global_colors_info=&#8220;{}&#8220;][et_pb_text _builder_version=&#8220;4.25.2&#8243; _module_preset=&#8220;default&#8220; text_font=&#8220;DM Sans||||||||&#8220; text_font_size=&#8220;15px&#8220; global_colors_info=&#8220;{}&#8220;]<\/p>\n<p>Bei Kempen Transport sind wir immer f\u00fcr Sie da. Sind Sie auf der Suche nach einem zuverl\u00e4ssigen Partner f\u00fcr konditionierte Transporte oder haben Sie eine andere Frage? Nehmen Sie direkt Kontakt mit uns auf. Wir sorgen daf\u00fcr, dass Sie schnell an den richtigen Ansprechpartner gelangen, ohne Umwege oder \u00c4rger. Einfach schnell und klar die Antwort, die Sie suchen.    <\/p>\n<p>[\/et_pb_text][et_pb_button button_url=&#8220;\/de\/abteilungen\/&#8220; button_text=&#8220;Treffen Sie unsere Abteilungen&#8220; _builder_version=&#8220;4.25.2&#8243; _module_preset=&#8220;default&#8220; custom_button=&#8220;on&#8220; button_text_size=&#8220;16px&#8220; button_text_color=&#8220;#E31119&#8243; button_border_radius=&#8220;10px&#8220; button_font=&#8220;Inter|800|||||||&#8220; custom_margin=&#8220;29px|||||&#8220; custom_padding=&#8220;10px||10px||true|false&#8220; locked=&#8220;off&#8220; global_colors_info=&#8220;{}&#8220; button_text_color__hover=&#8220;#FFFFFF&#8220; button_text_color__hover_enabled=&#8220;on|hover&#8220; button_bg_color__hover=&#8220;#E31119&#8243; button_bg_color__hover_enabled=&#8220;on|hover&#8220;][\/et_pb_button][\/et_pb_column][\/et_pb_row][\/et_pb_section][et_pb_section fb_built=&#8220;1&#8243; custom_padding_last_edited=&#8220;on|phone&#8220; _builder_version=&#8220;4.25.2&#8243; background_color=&#8220;rgba(25,28,54,0.6)&#8220; background_image=&#8220;https:\/\/kempentransport.nl\/wp-content\/uploads\/2025\/02\/ULT9567-kopie.webp&#8220; background_blend=&#8220;multiply&#8220; custom_margin=&#8220;||||false|false&#8220; custom_padding=&#8220;||||false|false&#8220; custom_padding_tablet=&#8220;||90px||false|false&#8220; custom_padding_phone=&#8220;||90px||false|false&#8220; background_last_edited=&#8220;on|tablet&#8220; use_background_color_gradient_tablet=&#8220;on&#8220; use_background_color_gradient_phone=&#8220;on&#8220; background_color_gradient_stops_tablet=&#8220;#383838 89%|#383838 97%&#8220; background_color_gradient_stops_phone=&#8220;#383838 88%|#383838 89%&#8220; background_color_gradient_end_tablet=&#8220;rgba(255,94,20,0.94)&#8220; background_color_gradient_end_phone=&#8220;rgba(255,94,20,0.94)&#8220; locked=&#8220;off&#8220; global_colors_info=&#8220;{}&#8220;][et_pb_row column_structure=&#8220;1_2,1_2&#8243; use_custom_gutter=&#8220;on&#8220; gutter_width=&#8220;2&#8243; make_equal=&#8220;on&#8220; _builder_version=&#8220;4.25.2&#8243; max_width=&#8220;1440px&#8220; custom_padding=&#8220;90px||90px||true|false&#8220; global_colors_info=&#8220;{}&#8220;][et_pb_column type=&#8220;1_2&#8243; _builder_version=&#8220;4.25.2&#8243; background_color=&#8220;#ffffff&#8220; custom_padding=&#8220;60px|60px|60px|60px|true|true&#8220; custom_padding_tablet=&#8220;&#8220; custom_padding_phone=&#8220;|25px||25px|true|true&#8220; custom_padding_last_edited=&#8220;on|phone&#8220; border_radii=&#8220;on|5px|5px|5px|5px&#8220; box_shadow_style=&#8220;preset1&#8243; box_shadow_blur=&#8220;56px&#8220; box_shadow_color=&#8220;rgba(112,112,112,0.3)&#8220; global_colors_info=&#8220;{}&#8220;][et_pb_text _builder_version=&#8220;4.25.2&#8243; header_font=&#8220;Inter|700|||||||&#8220; header_text_color=&#8220;#191C36&#8243; header_font_size=&#8220;28px&#8220; custom_margin=&#8220;-3px||||false|false&#8220; global_colors_info=&#8220;{}&#8220;]<\/p>\n<h1>Eine Nachricht senden<\/h1>\n<p>[\/et_pb_text][et_pb_text _builder_version=&#8220;4.25.2&#8243; _module_preset=&#8220;default&#8220; text_font=&#8220;DM Sans||||||||&#8220; text_font_size=&#8220;15px&#8220; custom_margin=&#8220;||50px|||&#8220; global_colors_info=&#8220;{}&#8220;]<\/p>\n<p>Wenn Sie ein Angebot anfordern m\u00f6chten oder eine Frage haben, senden Sie uns eine Nachricht oder rufen Sie uns an.<\/p>\n<p>[\/et_pb_text][dipi_gravity_forms_styler gf_form_id=&#8220;2&#8243; form_title=&#8220;hide&#8220; form_desc=&#8220;hide&#8220; use_ajax=&#8220;on&#8220; field_container_margin=&#8220;-15px||||false|false&#8220; field_container_padding=&#8220;||||false|false&#8220; select_field_padding=&#8220;0px|8px|0px|8px|false|false&#8220; _builder_version=&#8220;4.25.2&#8243; _module_preset=&#8220;default&#8220; custom_submit=&#8220;on&#8220; submit_bg_color=&#8220;#E31119&#8243; submit_border_radius=&#8220;7px&#8220; submit_font=&#8220;|700|||||||&#8220; submit_icon=&#8220;&#xf105;||fa||900&#8243; submit_icon_color=&#8220;#FFFFFF&#8220; submit_on_hover=&#8220;off&#8220; submit_custom_margin=&#8220;||||false|false&#8220; submit_custom_padding=&#8220;18px|27px|18px|27px|true|true&#8220; locked=&#8220;off&#8220; global_colors_info=&#8220;{}&#8220; button_letter_spacing__hover=&#8220;0px&#8220; button_letter_spacing__hover_enabled=&#8220;on|desktop&#8220;][\/dipi_gravity_forms_styler][\/et_pb_column][et_pb_column type=&#8220;1_2&#8243; _builder_version=&#8220;4.16&#8243; custom_padding=&#8220;|||60px|false|false&#8220; custom_padding_tablet=&#8220;50px|||0px|false|false&#8220; custom_padding_phone=&#8220;|||0px|false|false&#8220; custom_padding_last_edited=&#8220;on|phone&#8220; global_colors_info=&#8220;{}&#8220;][et_pb_text _builder_version=&#8220;4.25.2&#8243; text_font=&#8220;Inter|800|||||||&#8220; text_text_color=&#8220;#ffffff&#8220; text_font_size=&#8220;50px&#8220; text_line_height=&#8220;47px&#8220; custom_margin_tablet=&#8220;-10px||||false|false&#8220; custom_margin_phone=&#8220;-10px||||false|false&#8220; custom_margin_last_edited=&#8220;on|phone&#8220; text_font_size_tablet=&#8220;&#8220; text_font_size_phone=&#8220;20px&#8220; text_font_size_last_edited=&#8220;on|phone&#8220; text_line_height_tablet=&#8220;&#8220; text_line_height_phone=&#8220;1.4em&#8220; text_line_height_last_edited=&#8220;on|phone&#8220; global_colors_info=&#8220;{}&#8220;]<\/p>\n<p>Klaar om samen met ons de weg op te gaan?<\/p>\n<p>[\/et_pb_text][et_pb_text _builder_version=&#8220;4.25.2&#8243; _module_preset=&#8220;default&#8220; text_font=&#8220;Inter|800|||||||&#8220; text_text_color=&#8220;#FFFFFF&#8220; text_font_size=&#8220;26px&#8220; text_line_height=&#8220;1.2em&#8220; header_font=&#8220;Inter|800|||||||&#8220; header_text_color=&#8220;#FFFFFF&#8220; header_font_size=&#8220;35px&#8220; global_colors_info=&#8220;{}&#8220;]<\/p>\n<p>Wij staan klaar om je te helpen<\/p>\n<p>[\/et_pb_text][\/et_pb_column][\/et_pb_row][\/et_pb_section]<\/p>\n","protected":false},"excerpt":{"rendered":"<p>Wie k\u00f6nnen wir Ihnen helfen?Gemeinsam auf dem WegBei Kempen Transport sind wir immer f\u00fcr Sie da. Sind Sie auf der Suche nach einem zuverl\u00e4ssigen Partner f\u00fcr konditionierte Transporte oder haben Sie eine andere Frage? Nehmen Sie direkt Kontakt mit uns auf. Wir sorgen daf\u00fcr, dass Sie schnell an den richtigen Ansprechpartner gelangen, ohne Umwege oder [&hellip;]<\/p>\n","protected":false},"author":1,"featured_media":0,"parent":0,"menu_order":5,"comment_status":"closed","ping_status":"closed","template":"","meta":{"_et_pb_use_builder":"on","_et_pb_old_content":"","_et_gb_content_width":"","inline_featured_image":false,"footnotes":""},"dipi_cpt_category":[],"_links":{"self":[{"href":"https:\/\/kempentransport.nl\/de\/wp-json\/wp\/v2\/pages\/26043675"}],"collection":[{"href":"https:\/\/kempentransport.nl\/de\/wp-json\/wp\/v2\/pages"}],"about":[{"href":"https:\/\/kempentransport.nl\/de\/wp-json\/wp\/v2\/types\/page"}],"author":[{"embeddable":true,"href":"https:\/\/kempentransport.nl\/de\/wp-json\/wp\/v2\/users\/1"}],"replies":[{"embeddable":true,"href":"https:\/\/kempentransport.nl\/de\/wp-json\/wp\/v2\/comments?post=26043675"}],"version-history":[{"count":5,"href":"https:\/\/kempentransport.nl\/de\/wp-json\/wp\/v2\/pages\/26043675\/revisions"}],"predecessor-version":[{"id":27004591,"href":"https:\/\/kempentransport.nl\/de\/wp-json\/wp\/v2\/pages\/26043675\/revisions\/27004591"}],"wp:attachment":[{"href":"https:\/\/kempentransport.nl\/de\/wp-json\/wp\/v2\/media?parent=26043675"}],"wp:term":[{"taxonomy":"dipi_cpt_category","embeddable":true,"href":"https:\/\/kempentransport.nl\/de\/wp-json\/wp\/v2\/dipi_cpt_category?post=26043675"}],"curies":[{"name":"wp","href":"https:\/\/api.w.org\/{rel}","templated":true}]}}