{"id":26043632,"date":"2024-12-11T14:45:31","date_gmt":"2024-12-11T14:45:31","guid":{"rendered":"https:\/\/kempentransport.nl\/dienstleistungen\/"},"modified":"2025-05-12T08:15:30","modified_gmt":"2025-05-12T08:15:30","slug":"dienstleistungen","status":"publish","type":"page","link":"https:\/\/kempentransport.nl\/de\/dienstleistungen\/","title":{"rendered":"Dienstleistungen"},"content":{"rendered":"<p>[et_pb_section fb_built=&#8220;1&#8243; custom_padding_last_edited=&#8220;on|phone&#8220; _builder_version=&#8220;4.25.2&#8243; _module_preset=&#8220;default&#8220; background_enable_color=&#8220;off&#8220; use_background_color_gradient=&#8220;on&#8220; background_color_gradient_direction=&#8220;90deg&#8220; background_color_gradient_stops=&#8220;#191c36 0%|rgba(41,196,169,0) 100%&#8220; background_image=&#8220;https:\/\/kempentransport.nl\/wp-content\/uploads\/2025\/02\/Kempen-diensten-def-11.webp&#8220; background_position=&#8220;center_left&#8220; background_blend=&#8220;multiply&#8220; background_enable_video_mp4=&#8220;off&#8220; z_index=&#8220;999&#8243; custom_padding=&#8220;45vh||10vh||false|false&#8220; custom_padding_tablet=&#8220;10vh||10vh||true|false&#8220; custom_padding_phone=&#8220;10vh||10vh||true|false&#8220; border_color_bottom=&#8220;#e21e18&#8243; locked=&#8220;off&#8220; global_colors_info=&#8220;{}&#8220;][et_pb_row custom_padding_last_edited=&#8220;on|phone&#8220; _builder_version=&#8220;4.25.2&#8243; _module_preset=&#8220;default&#8220; z_index=&#8220;2&#8243; max_width=&#8220;1440px&#8220; custom_padding=&#8220;0px||0px||true|&#8220; custom_padding_tablet=&#8220;&#8220; custom_padding_phone=&#8220;30px||||false|false&#8220; animation_direction=&#8220;top&#8220; global_colors_info=&#8220;{}&#8220; use_custom_gutter=&#8220;on&#8220; gutter_width=&#8220;2&#8243; make_equal=&#8220;on&#8220;][et_pb_column type=&#8220;4_4&#8243; _builder_version=&#8220;4.16&#8243; _module_preset=&#8220;default&#8220; global_colors_info=&#8220;{}&#8220;][et_pb_text _builder_version=&#8220;4.25.2&#8243; _module_preset=&#8220;default&#8220; text_font=&#8220;Inter|800|||||||&#8220; text_text_color=&#8220;#FFFFFF&#8220; text_font_size=&#8220;55px&#8220; text_line_height=&#8220;1.2em&#8220; global_colors_info=&#8220;{}&#8220;]<\/p>\n<p>Dienstleistungen<\/p>\n<p>[\/et_pb_text][et_pb_image src=&#8220;https:\/\/kempentransport.nl\/wp-content\/uploads\/2024\/06\/Kempen-logo-web.png&#8220; title_text=&#8220;Kempen logo web&#8220; _builder_version=&#8220;4.25.2&#8243; _module_preset=&#8220;default&#8220; width=&#8220;13%&#8220; max_width=&#8220;13%&#8220; global_colors_info=&#8220;{}&#8220;][\/et_pb_image][\/et_pb_column][\/et_pb_row][\/et_pb_section][et_pb_section fb_built=&#8220;1&#8243; disabled_on=&#8220;off|off|off&#8220; _builder_version=&#8220;4.25.2&#8243; _module_preset=&#8220;default&#8220; min_height=&#8220;412.1px&#8220; custom_padding=&#8220;60px||60px||true|false&#8220; global_colors_info=&#8220;{}&#8220;][et_pb_row column_structure=&#8220;1_2,1_2&#8243; use_custom_gutter=&#8220;on&#8220; gutter_width=&#8220;2&#8243; make_equal=&#8220;on&#8220; _builder_version=&#8220;4.25.2&#8243; _module_preset=&#8220;default&#8220; max_width=&#8220;1440px&#8220; global_colors_info=&#8220;{}&#8220;][et_pb_column type=&#8220;1_2&#8243; _builder_version=&#8220;4.25.2&#8243; _module_preset=&#8220;default&#8220; global_colors_info=&#8220;{}&#8220;][et_pb_text _builder_version=&#8220;4.25.2&#8243; _module_preset=&#8220;default&#8220; header_font=&#8220;Inter|800|||||||&#8220; header_text_color=&#8220;#191C36&#8243; header_font_size=&#8220;45px&#8220; custom_margin=&#8220;||30px||false|false&#8220; global_colors_info=&#8220;{}&#8220;]<\/p>\n<h1>Ihr zuverl\u00e4ssiger Partner f\u00fcr Transport und Logistik<\/h1>\n<p>[\/et_pb_text][\/et_pb_column][et_pb_column type=&#8220;1_2&#8243; _builder_version=&#8220;4.25.2&#8243; _module_preset=&#8220;default&#8220; global_colors_info=&#8220;{}&#8220;][et_pb_text _builder_version=&#8220;4.25.2&#8243; _module_preset=&#8220;default&#8220; text_font=&#8220;DM Sans||||||||&#8220; text_font_size=&#8220;16px&#8220; global_colors_info=&#8220;{}&#8220;]<\/p>\n<p>Bei Kempen Transport geht es um mehr als nur den Transport. Als Spezialist f\u00fcr den konditionierten und Sammelgut-Transport von Obst und Gem\u00fcse sorgen wir schon seit Generationen f\u00fcr frische und zuverl\u00e4ssige Lieferungen in den Niederlanden, Belgien und Deutschland. <\/p>\n<p>Von unseren modernen Standort im Fresh Park Venlo aus f\u00fchren wir t\u00e4glich mehr als 100 Fahrten durch &#8211; schnell, effizient und immer ma\u00dfgeschneidert.<\/p>\n<p>Dar\u00fcber hinaus bieten wir umfassende Logistikl\u00f6sungen, die genau auf Ihre Anforderungen abgestimmt sind. Ob es sich um eine kleine Lieferung oder einen kompletten Lkw Geht \u2014wir finden immer die passende L\u00f6sung f\u00fcr Sie. <\/p>\n<p>&nbsp;<\/p>\n<p>[\/et_pb_text][\/et_pb_column][\/et_pb_row][\/et_pb_section][et_pb_section fb_built=&#8220;1&#8243; custom_padding_last_edited=&#8220;on|desktop&#8220; _builder_version=&#8220;4.25.2&#8243; background_color=&#8220;#191c36&#8243; custom_padding=&#8220;100px||100px||false|false&#8220; custom_padding_tablet=&#8220;80px||80px||false|false&#8220; custom_padding_phone=&#8220;60px||60px||false|false&#8220; locked=&#8220;off&#8220; global_colors_info=&#8220;{}&#8220;][et_pb_row _builder_version=&#8220;4.25.1&#8243; _module_preset=&#8220;default&#8220; width=&#8220;90%&#8220; max_width=&#8220;980px&#8220; custom_margin=&#8220;0px|auto|34px|auto|false|false&#8220; custom_margin_tablet=&#8220;0px||105px||false|false&#8220; custom_margin_phone=&#8220;0px||90px||false|false&#8220; custom_margin_last_edited=&#8220;on|phone&#8220; custom_padding=&#8220;0px||0px||false|false&#8220; global_colors_info=&#8220;{}&#8220;][et_pb_column type=&#8220;4_4&#8243; _builder_version=&#8220;4.25.1&#8243; _module_preset=&#8220;default&#8220; global_colors_info=&#8220;{}&#8220;][et_pb_text _builder_version=&#8220;4.25.2&#8243; _module_preset=&#8220;default&#8220; header_2_font=&#8220;Inter|800|||||||&#8220; header_2_text_align=&#8220;center&#8220; header_2_text_color=&#8220;#ffffff&#8220; header_2_font_size=&#8220;50px&#8220; custom_margin=&#8220;0px||22px||false|false&#8220; custom_padding=&#8220;0px||0px||false|false&#8220; header_2_font_size_tablet=&#8220;57px&#8220; header_2_font_size_phone=&#8220;30px&#8220; header_2_font_size_last_edited=&#8220;on|phone&#8220; global_colors_info=&#8220;{}&#8220;]<\/p>\n<h2>Unsere Dienstleistungen<\/h2>\n<p>[\/et_pb_text][\/et_pb_column][\/et_pb_row][et_pb_row column_structure=&#8220;1_3,1_3,1_3&#8243; use_custom_gutter=&#8220;on&#8220; gutter_width=&#8220;2&#8243; make_equal=&#8220;on&#8220; _builder_version=&#8220;4.25.2&#8243; background_enable_color=&#8220;off&#8220; max_width=&#8220;1440px&#8220; custom_padding=&#8220;||||false|false&#8220; locked=&#8220;off&#8220; global_colors_info=&#8220;{}&#8220;][et_pb_column type=&#8220;1_3&#8243; _builder_version=&#8220;4.16&#8243; background_color=&#8220;rgba(0,0,0,0)&#8220; background_enable_image=&#8220;off&#8220; global_colors_info=&#8220;{}&#8220;][dipi_hover_box content_title=&#8220;Transport&#8220; content_hover_title=&#8220;Transport&#8220; content_hover_image_width=&#8220;80px&#8220; content_hover_content=&#8220;<\/p>\n<p>Fortschrittliche K\u00fchltechnologie, schnelle Kommunikation und ma\u00dfgeschneiderte L\u00f6sungen f\u00fcr jede Ladung. Mehr erfahren<\/p>\n<p>&#8220; use_content_hover_button=&#8220;on&#8220; content_hover_button_text=&#8220;Mehr erfahren&#8220; content_hover_button_link=&#8220;de\/transport\/ &#8220; hover_type=&#8220;fade&#8220; animation_speed=&#8220;1500ms&#8220; hover_box_align_front=&#8220;bottom&#8220; content_bg_color=&#8220;rgba(21,2,42,0.15)&#8220; content_bg_color_gradient_overlays_image=&#8220;on&#8220; content_bg_image=&#8220;https:\/\/kempentransport.nl\/wp-content\/uploads\/2024\/12\/Kempen-home-transport.webp&#8220; content_bg_blend=&#8220;overlay&#8220; content_hover_bg_use_color_gradient=&#8220;on&#8220; content_hover_bg_color_gradient_direction=&#8220;100deg&#8220; content_hover_bg_color_gradient_stops=&#8220;#191c36 9%|rgba(255,66,0,0) 100%&#8220; content_hover_bg_color_gradient_overlays_image=&#8220;on&#8220; content_hover_bg_color_gradient_start=&#8220;#ff4200&#8243; content_hover_bg_color_gradient_end=&#8220;rgba(255,66,0,0.5)&#8220; content_hover_bg_image=&#8220;https:\/\/kempentransport.nl\/wp-content\/uploads\/2024\/12\/Kempen-home-transport.webp&#8220; _builder_version=&#8220;4.25.2&#8243; content_title_text_color=&#8220;#ffffff&#8220; content_title_font_size=&#8220;40px&#8220; content_title_line_height=&#8220;1em&#8220; content_hover_title_font=&#8220;Inter|700|||||||&#8220; content_hover_title_text_color=&#8220;#ffffff&#8220; content_hover_title_font_size=&#8220;30px&#8220; content_hover_desc_font=&#8220;DM Sans|700|||||||&#8220; content_hover_desc_text_color=&#8220;#FFFFFF&#8220; content_hover_desc_font_size=&#8220;16px&#8220; content_hover_desc_letter_spacing=&#8220;1px&#8220; content_hover_desc_line_height=&#8220;1.4em&#8220; background_color=&#8220;rgba(0,0,0,0)&#8220; custom_content_hover_button=&#8220;on&#8220; content_hover_button_text_size=&#8220;14px&#8220; content_hover_button_text_color=&#8220;#ffffff&#8220; content_hover_button_bg_color=&#8220;#E31119&#8243; content_hover_button_border_width=&#8220;0px&#8220; content_hover_button_border_color=&#8220;#ffffff&#8220; content_hover_button_border_radius=&#8220;40px&#8220; content_hover_button_font=&#8220;Inter|800|||||||&#8220; content_hover_button_use_icon=&#8220;off&#8220; content_hover_button_custom_margin=&#8220;||||false|false&#8220; content_hover_button_custom_padding=&#8220;15px|20px|15px|20px|false|false&#8220; width=&#8220;100%&#8220; max_width=&#8220;100%&#8220; custom_margin=&#8220;||||false|false&#8220; custom_padding=&#8220;||||false|false&#8220; custom_css_content_hover_description=&#8220;max-width: 500px;||margin: auto;&#8220; content_title_text_shadow_style=&#8220;preset1&#8243; global_colors_info=&#8220;{}&#8220; content_hover_button_border_color__hover_enabled=&#8220;on|desktop&#8220; content_hover_button_border_color__hover=&#8220;#ffffff&#8220; content_hover_button_border_width__hover_enabled=&#8220;off|desktop&#8220; overlay_bg_color_gradient_type_tablet=&#8220;linear&#8220; overlay_bg_color_gradient_type_phone=&#8220;linear&#8220; overlay_bg_color_gradient_type__hover=&#8220;linear&#8220; image_bg_color_gradient_type__hover=&#8220;linear&#8220; background__hover_enabled=&#8220;on|hover&#8220;][\/dipi_hover_box][\/et_pb_column][et_pb_column type=&#8220;1_3&#8243; _builder_version=&#8220;4.16&#8243; background_enable_image=&#8220;off&#8220; global_colors_info=&#8220;{}&#8220;][dipi_hover_box content_title=&#8220;Lagerhaltung&#8220; content_hover_title=&#8220;Lagerhaltung&#8220; content_hover_image_width=&#8220;80px&#8220; content_hover_content=&#8220;<\/p>\n<p>Innovative K\u00fchltechnik, optimierte Prozesse und volle Transparenz. Mehr erfahren<\/p>\n<p>&#8220; use_content_hover_button=&#8220;on&#8220; content_hover_button_text=&#8220;Mehr erfahren&#8220; content_hover_button_link=&#8220;de\/lagerhaltung\/ &#8220; hover_type=&#8220;fade&#8220; animation_speed=&#8220;1500ms&#8220; hover_box_align_front=&#8220;bottom&#8220; content_bg_color=&#8220;rgba(21,2,42,0.15)&#8220; content_bg_color_gradient_overlays_image=&#8220;on&#8220; content_bg_image=&#8220;https:\/\/kempentransport.nl\/wp-content\/uploads\/2024\/12\/Kempen-home-Warehousing.webp&#8220; content_bg_blend=&#8220;overlay&#8220; content_hover_bg_use_color_gradient=&#8220;on&#8220; content_hover_bg_color_gradient_direction=&#8220;100deg&#8220; content_hover_bg_color_gradient_stops=&#8220;#191c36 9%|rgba(255,66,0,0) 100%&#8220; content_hover_bg_color_gradient_overlays_image=&#8220;on&#8220; content_hover_bg_color_gradient_start=&#8220;#ff4200&#8243; content_hover_bg_color_gradient_end=&#8220;rgba(255,66,0,0.5)&#8220; content_hover_bg_image=&#8220;https:\/\/kempentransport.nl\/wp-content\/uploads\/2024\/12\/Kempen-home-Warehousing.webp&#8220; _builder_version=&#8220;4.25.2&#8243; content_title_text_color=&#8220;#ffffff&#8220; content_title_font_size=&#8220;40px&#8220; content_title_line_height=&#8220;1em&#8220; content_hover_title_font=&#8220;Inter|700|||||||&#8220; content_hover_title_text_color=&#8220;#ffffff&#8220; content_hover_title_font_size=&#8220;30px&#8220; content_hover_desc_font=&#8220;DM Sans|700|||||||&#8220; content_hover_desc_text_color=&#8220;#FFFFFF&#8220; content_hover_desc_font_size=&#8220;16px&#8220; content_hover_desc_letter_spacing=&#8220;1px&#8220; content_hover_desc_line_height=&#8220;1.4em&#8220; background_color=&#8220;rgba(0,0,0,0)&#8220; custom_content_hover_button=&#8220;on&#8220; content_hover_button_text_size=&#8220;14px&#8220; content_hover_button_text_color=&#8220;#ffffff&#8220; content_hover_button_bg_color=&#8220;#E31119&#8243; content_hover_button_border_width=&#8220;0px&#8220; content_hover_button_border_color=&#8220;#ffffff&#8220; content_hover_button_border_radius=&#8220;40px&#8220; content_hover_button_font=&#8220;Inter|800|||||||&#8220; content_hover_button_use_icon=&#8220;off&#8220; content_hover_button_custom_margin=&#8220;||||false|false&#8220; content_hover_button_custom_padding=&#8220;15px|20px|15px|20px|false|false&#8220; width=&#8220;100%&#8220; max_width=&#8220;100%&#8220; custom_margin=&#8220;||||false|false&#8220; custom_padding=&#8220;||||false|false&#8220; custom_css_content_hover_description=&#8220;max-width: 500px;||margin: auto;&#8220; content_title_text_shadow_style=&#8220;preset1&#8243; global_colors_info=&#8220;{}&#8220; content_hover_button_border_color__hover_enabled=&#8220;on|desktop&#8220; content_hover_button_border_color__hover=&#8220;#ffffff&#8220; content_hover_button_border_width__hover_enabled=&#8220;off|desktop&#8220; overlay_bg_color_gradient_type_tablet=&#8220;linear&#8220; overlay_bg_color_gradient_type_phone=&#8220;linear&#8220; overlay_bg_color_gradient_type__hover=&#8220;linear&#8220; image_bg_color_gradient_type__hover=&#8220;linear&#8220;][\/dipi_hover_box][\/et_pb_column][et_pb_column type=&#8220;1_3&#8243; _builder_version=&#8220;4.16&#8243; background_enable_image=&#8220;off&#8220; global_colors_info=&#8220;{}&#8220;][dipi_hover_box content_title=&#8220;Spedition&#8220; content_hover_title=&#8220;Spedition&#8220; content_hover_image_width=&#8220;80px&#8220; content_hover_content=&#8220;<\/p>\n<p><span style=%22font-family: &apos;Aptos&apos;,sans-serif;%22>Immer die beste Route, flexibler Transport und weniger Leerkilometer.<o:p><\/o:p><\/span><\/p>\n<p>&#8220; use_content_hover_button=&#8220;on&#8220; content_hover_button_text=&#8220;Mehr erfahren&#8220; content_hover_button_link=&#8220;de\/spedition\/ &#8220; hover_type=&#8220;fade&#8220; animation_speed=&#8220;1500ms&#8220; hover_box_align_front=&#8220;bottom&#8220; content_bg_color=&#8220;rgba(21,2,42,0.15)&#8220; content_bg_color_gradient_overlays_image=&#8220;on&#8220; content_bg_image=&#8220;https:\/\/kempentransport.nl\/wp-content\/uploads\/2024\/12\/Kempen-home-Expeditie.webp&#8220; content_bg_blend=&#8220;overlay&#8220; content_hover_bg_use_color_gradient=&#8220;on&#8220; content_hover_bg_color_gradient_direction=&#8220;100deg&#8220; content_hover_bg_color_gradient_stops=&#8220;#191c36 9%|rgba(255,66,0,0) 100%&#8220; content_hover_bg_color_gradient_overlays_image=&#8220;on&#8220; content_hover_bg_color_gradient_start=&#8220;#ff4200&#8243; content_hover_bg_color_gradient_end=&#8220;rgba(255,66,0,0.5)&#8220; content_hover_bg_image=&#8220;https:\/\/kempentransport.nl\/wp-content\/uploads\/2024\/12\/Kempen-home-Expeditie.webp&#8220; _builder_version=&#8220;4.25.2&#8243; content_title_text_color=&#8220;#ffffff&#8220; content_title_font_size=&#8220;40px&#8220; content_title_line_height=&#8220;1em&#8220; content_hover_title_font=&#8220;Inter|700|||||||&#8220; content_hover_title_text_color=&#8220;#ffffff&#8220; content_hover_title_font_size=&#8220;30px&#8220; content_hover_desc_font=&#8220;DM Sans|700|||||||&#8220; content_hover_desc_text_color=&#8220;#FFFFFF&#8220; content_hover_desc_font_size=&#8220;16px&#8220; content_hover_desc_letter_spacing=&#8220;1px&#8220; content_hover_desc_line_height=&#8220;1.4em&#8220; background_color=&#8220;rgba(0,0,0,0)&#8220; custom_content_hover_button=&#8220;on&#8220; content_hover_button_text_size=&#8220;14px&#8220; content_hover_button_text_color=&#8220;#ffffff&#8220; content_hover_button_bg_color=&#8220;#E31119&#8243; content_hover_button_border_width=&#8220;0px&#8220; content_hover_button_border_color=&#8220;#ffffff&#8220; content_hover_button_border_radius=&#8220;40px&#8220; content_hover_button_font=&#8220;Inter|800|||||||&#8220; content_hover_button_use_icon=&#8220;off&#8220; content_hover_button_custom_margin=&#8220;||||false|false&#8220; content_hover_button_custom_padding=&#8220;15px|20px|15px|20px|false|false&#8220; width=&#8220;100%&#8220; max_width=&#8220;100%&#8220; custom_margin=&#8220;||||false|false&#8220; custom_padding=&#8220;||||false|false&#8220; custom_css_content_hover_description=&#8220;max-width: 500px;||margin: auto;&#8220; content_title_text_shadow_style=&#8220;preset1&#8243; global_colors_info=&#8220;{}&#8220; content_hover_button_border_color__hover_enabled=&#8220;on|desktop&#8220; content_hover_button_border_color__hover=&#8220;#ffffff&#8220; content_hover_button_border_width__hover_enabled=&#8220;off|desktop&#8220; overlay_bg_color_gradient_type_tablet=&#8220;linear&#8220; overlay_bg_color_gradient_type_phone=&#8220;linear&#8220; overlay_bg_color_gradient_type__hover=&#8220;linear&#8220; image_bg_color_gradient_type__hover=&#8220;linear&#8220;][\/dipi_hover_box][\/et_pb_column][\/et_pb_row][\/et_pb_section][et_pb_section fb_built=&#8220;1&#8243; _builder_version=&#8220;4.25.2&#8243; background_enable_color=&#8220;off&#8220; custom_margin=&#8220;||||true|false&#8220; custom_css_main_element=&#8220;background-repeat: repeat;||background-size: initial;&#8220; transparent_background=&#8220;off&#8220; make_fullwidth=&#8220;off&#8220; use_custom_width=&#8220;off&#8220; width_unit=&#8220;on&#8220; locked=&#8220;off&#8220; global_colors_info=&#8220;{}&#8220;][et_pb_row column_structure=&#8220;1_2,1_2&#8243; use_custom_gutter=&#8220;on&#8220; gutter_width=&#8220;2&#8243; make_equal=&#8220;on&#8220; _builder_version=&#8220;4.25.2&#8243; background_size=&#8220;initial&#8220; background_position=&#8220;top_left&#8220; background_repeat=&#8220;repeat&#8220; max_width=&#8220;1440px&#8220; custom_padding=&#8220;||0px|&#8220; make_fullwidth=&#8220;off&#8220; use_custom_width=&#8220;off&#8220; width_unit=&#8220;on&#8220; global_colors_info=&#8220;{}&#8220;][et_pb_column type=&#8220;1_2&#8243; _builder_version=&#8220;4.16&#8243; custom_padding=&#8220;|||&#8220; global_colors_info=&#8220;{}&#8220; custom_padding__hover=&#8220;|||&#8220;][et_pb_text _builder_version=&#8220;4.25.2&#8243; _module_preset=&#8220;default&#8220; header_font=&#8220;Inter|800|||||||&#8220; header_text_color=&#8220;#191C36&#8243; header_font_size=&#8220;45px&#8220; animation_style=&#8220;slide&#8220; animation_direction=&#8220;left&#8220; animation_duration=&#8220;1550ms&#8220; global_colors_info=&#8220;{}&#8220;]<\/p>\n<h1>Sie fragen sich, womit wir Ihnen helfen k\u00f6nnen<br \/><\/h1>\n<p>[\/et_pb_text][et_pb_image src=&#8220;https:\/\/kempentransport.nl\/wp-content\/uploads\/2024\/06\/Kempen-logo-web.png&#8220; title_text=&#8220;Kempen logo web&#8220; _builder_version=&#8220;4.25.2&#8243; _module_preset=&#8220;default&#8220; width=&#8220;21%&#8220; max_width=&#8220;21%&#8220; locked=&#8220;off&#8220; global_colors_info=&#8220;{}&#8220;][\/et_pb_image][\/et_pb_column][et_pb_column type=&#8220;1_2&#8243; _builder_version=&#8220;4.16&#8243; custom_padding=&#8220;|||&#8220; global_colors_info=&#8220;{}&#8220; custom_padding__hover=&#8220;|||&#8220;][et_pb_text _builder_version=&#8220;4.25.2&#8243; _module_preset=&#8220;default&#8220; text_font=&#8220;DM Sans||||||||&#8220; text_font_size=&#8220;16px&#8220; global_colors_info=&#8220;{}&#8220;]<\/p>\n<p>M\u00f6chten Sie Ihren Transport und Ihre Logistik bei Kempen Transport unterbringen?<br \/>Wir f\u00fchren Sie durch die M\u00f6glichkeiten<\/p>\n<p>&nbsp;<\/p>\n<p>[\/et_pb_text][et_pb_button button_url=&#8220;\/de\/kontakt\/%20&#8243; button_text=&#8220;Kontakt aufnehmen&#8220; _builder_version=&#8220;4.25.2&#8243; _module_preset=&#8220;default&#8220; custom_button=&#8220;on&#8220; button_text_size=&#8220;16px&#8220; button_text_color=&#8220;#FFFFFF&#8220; button_bg_color=&#8220;#EA9000&#8243; button_border_width=&#8220;3px&#8220; button_border_color=&#8220;#EA9000&#8243; button_border_radius=&#8220;10px&#8220; button_font=&#8220;Inter|800|||||||&#8220; button_icon=&#8220;&#xf1d8;||fa||400&#8243; custom_margin=&#8220;29px|||||&#8220; custom_padding=&#8220;10px||10px||true|false&#8220; locked=&#8220;off&#8220; global_colors_info=&#8220;{}&#8220; button_text_color__hover=&#8220;#FFFFFF&#8220; button_text_color__hover_enabled=&#8220;on|hover&#8220; button_bg_color__hover=&#8220;#EA9000&#8243; button_bg_color__hover_enabled=&#8220;on|hover&#8220;][\/et_pb_button][\/et_pb_column][\/et_pb_row][\/et_pb_section]<\/p>\n","protected":false},"excerpt":{"rendered":"<p>DienstleistungenIhr zuverl\u00e4ssiger Partner f\u00fcr Transport und LogistikBei Kempen Transport geht es um mehr als nur den Transport. Als Spezialist f\u00fcr den konditionierten und Sammelgut-Transport von Obst und Gem\u00fcse sorgen wir schon seit Generationen f\u00fcr frische und zuverl\u00e4ssige Lieferungen in den Niederlanden, Belgien und Deutschland. Von unseren modernen Standort im Fresh Park Venlo aus f\u00fchren wir [&hellip;]<\/p>\n","protected":false},"author":1,"featured_media":0,"parent":0,"menu_order":1,"comment_status":"closed","ping_status":"closed","template":"","meta":{"_et_pb_use_builder":"on","_et_pb_old_content":"","_et_gb_content_width":"","inline_featured_image":false,"footnotes":""},"dipi_cpt_category":[],"_links":{"self":[{"href":"https:\/\/kempentransport.nl\/de\/wp-json\/wp\/v2\/pages\/26043632"}],"collection":[{"href":"https:\/\/kempentransport.nl\/de\/wp-json\/wp\/v2\/pages"}],"about":[{"href":"https:\/\/kempentransport.nl\/de\/wp-json\/wp\/v2\/types\/page"}],"author":[{"embeddable":true,"href":"https:\/\/kempentransport.nl\/de\/wp-json\/wp\/v2\/users\/1"}],"replies":[{"embeddable":true,"href":"https:\/\/kempentransport.nl\/de\/wp-json\/wp\/v2\/comments?post=26043632"}],"version-history":[{"count":5,"href":"https:\/\/kempentransport.nl\/de\/wp-json\/wp\/v2\/pages\/26043632\/revisions"}],"predecessor-version":[{"id":27004571,"href":"https:\/\/kempentransport.nl\/de\/wp-json\/wp\/v2\/pages\/26043632\/revisions\/27004571"}],"wp:attachment":[{"href":"https:\/\/kempentransport.nl\/de\/wp-json\/wp\/v2\/media?parent=26043632"}],"wp:term":[{"taxonomy":"dipi_cpt_category","embeddable":true,"href":"https:\/\/kempentransport.nl\/de\/wp-json\/wp\/v2\/dipi_cpt_category?post=26043632"}],"curies":[{"name":"wp","href":"https:\/\/api.w.org\/{rel}","templated":true}]}}